{"id":910,"date":"2020-12-03T18:46:25","date_gmt":"2020-12-03T18:46:25","guid":{"rendered":"https:\/\/www.hostalex.com\/index.php\/personalizar-cookies\/"},"modified":"2020-12-03T18:46:25","modified_gmt":"2020-12-03T18:46:25","slug":"personalizar-cookies","status":"publish","type":"page","link":"https:\/\/www.hostalex.com\/index.php\/personalizar-cookies\/","title":{"rendered":"Personalizar Cookies"},"content":{"rendered":"\n<div>\n      <div id=\"custom-cookies-eu-label\">\n          El sitio Web https:\/\/www.hostalex.com utiliza cookies propias y de terceros para su correcto funcionamiento y para fines anal\u00edticos y para mostrarte publicidad relacionada con sus preferencias en base a un perfil elaborado a partir de tus h\u00e1bitos de navegaci\u00f3n. Al hacer clic en el bot\u00f3n Aceptar, acepta el uso de estas tecnolog\u00edas y el procesamiento de sus datos para estos prop\u00f3sitos.          \n\n      <\/div>\n\n      <div id=\"custom-cookies-eu-buttons\" class=\"cookies-eu-buttons\">\n        <button id=\"custom-cookies-eu-reject\" class=\"cookies-eu-reject\">Rechazar<\/button>\n        <button id=\"custom-cookies-eu-accept\" class=\"cookies-eu-accept\">ACEPTAR TODAS LAS COOKIES<\/button><\/div>\n      <\/div>\n\n<br\/>\n<p>\n\tPuedes cambiar tus preferencias de cookies en cualquier momento si vuelves a la p\u00e1gina de Personalizar cookies, a la que puedes acceder a trav\u00e9s del Aviso de cookies. Para obtener m\u00e1s informaci\u00f3n sobre las cookies y c\u00f3mo las usamos, consulta la p\u00e1gina de <a href=\"https:\/\/www.hostalex.com\/index.php\/politica-de-cookies\/\">Pol\u00edtica de Cookies<\/a>.\n<\/p>\n\n<h3>Cookies t\u00e9cnicas<\/h3>\n<p>\n\tSon aquellas que permiten a los usuarios registrados navegar a trav\u00e9s del sitio Web, del \u00e1rea restringida y a utilizar sus diferentes funciones, como por ejemplo, el sistema de comentarios o el buscador y no pueden ser desactivadas.\n<\/p>\n\n<div class=\"custom-cookies-option\">\n  <h3>Cookies de an\u00e1lisis o medici\u00f3n<\/h3>\n  <span>\n    <input type=\"radio\" name=\"cookies-analytics-option\" value=\"true\" class=\"custom-cookies-radio\" data-consent=\"ANLTCS\" id=\"custom-cookies-accept-analytics\" >\n    <label for=\"custom-cookies-accept-analytics\">Activar<\/label>\n    &nbsp;&nbsp;\n    <input type=\"radio\" name=\"cookies-analytics-option\" value=\"false\" class=\"custom-cookies-radio\" data-consent=\"ANLTCS\" id=\"custom-cookies-reject-analytics\" \n    checked>\n    <label for=\"custom-cookies-reject-analytics\">Desactivar<\/label>\n<\/span>\n<\/div>\n\n<p>\n\tSon aquellas que, bien tratadas por el sitio Web o por terceros, permiten cuantificar el n\u00famero de usuarios y as\u00ed realizar la medici\u00f3n y an\u00e1lisis estad\u00edstico de la utilizaci\u00f3n que hacen los usuarios del sitio Web. Para ello se analiza la navegaci\u00f3n que realizas en este sitio Web con el fin de mejorarlo.\n<\/p>\n\n<div class=\"custom-cookies-option\">\n  <h3>Cookies sociales<\/h3>\n  <span>\n    <input type=\"radio\" name=\"cookies-social-option\" value=\"true\" class=\"custom-cookies-radio\" data-consent=\"SCLS\" id=\"custom-cookies-accept-social\" \n    >\n    <label for=\"custom-cookies-accept-social\">Activar<\/label>\n    &nbsp;&nbsp;\n    <input type=\"radio\" name=\"cookies-social-option\" value=\"false\" class=\"custom-cookies-radio\" data-consent=\"SCLS\" id=\"custom-cookies-reject-social\" \n    checked>\n    <label for=\"custom-cookies-reject-social\">Desactivar<\/label>\n<\/span>\n<\/div>\n\n<p>\n  Son establecidas por las plataformas de redes sociales para permitir a los usuarios compartir contenido con sus amigos y redes.  \n<\/p>\n\n","protected":false},"excerpt":{"rendered":"<p>El sitio Web https:\/\/www.hostalex.com utiliza cookies propias y de terceros para su correcto funcionamiento y para fines anal\u00edticos y para mostrarte publicidad relacionada con sus preferencias en base a un perfil elaborado a partir de tus h\u00e1bitos de navegaci\u00f3n. Al hacer clic en el bot\u00f3n Aceptar, acepta el uso de estas tecnolog\u00edas y el procesamiento &hellip;<\/p>\n<p class=\"read-more\"> <a class=\"\" href=\"https:\/\/www.hostalex.com\/index.php\/personalizar-cookies\/\"> <span class=\"screen-reader-text\">Personalizar Cookies<\/span> Leer m\u00e1s &raquo;<\/a><\/p>\n","protected":false},"author":1,"featured_media":0,"parent":0,"menu_order":0,"comment_status":"closed","ping_status":"closed","template":"","meta":{"site-sidebar-layout":"default","site-content-layout":"","ast-site-content-layout":"","site-content-style":"default","site-sidebar-style":"default","ast-global-header-display":"","ast-banner-title-visibility":"","ast-main-header-display":"","ast-hfb-above-header-display":"","ast-hfb-below-header-display":"","ast-hfb-mobile-header-display":"","site-post-title":"","ast-breadcrumbs-content":"","ast-featured-img":"","footer-sml-layout":"","theme-transparent-header-meta":"","adv-header-id-meta":"","stick-header-meta":"","header-above-stick-meta":"","header-main-stick-meta":"","header-below-stick-meta":"","astra-migrate-meta-layouts":"","ast-page-background-enabled":"default","ast-page-background-meta":{"desktop":{"background-color":"","background-image":"","background-repeat":"repeat","background-position":"center center","background-size":"auto","background-attachment":"scroll","background-type":"","background-media":"","overlay-type":"","overlay-color":"","overlay-gradient":""},"tablet":{"background-color":"","background-image":"","background-repeat":"repeat","background-position":"center center","background-size":"auto","background-attachment":"scroll","background-type":"","background-media":"","overlay-type":"","overlay-color":"","overlay-gradient":""},"mobile":{"background-color":"","background-image":"","background-repeat":"repeat","background-position":"center center","background-size":"auto","background-attachment":"scroll","background-type":"","background-media":"","overlay-type":"","overlay-color":"","overlay-gradient":""}},"ast-content-background-meta":{"desktop":{"background-color":"var(--ast-global-color-5)","background-image":"","background-repeat":"repeat","background-position":"center center","background-size":"auto","background-attachment":"scroll","background-type":"","background-media":"","overlay-type":"","overlay-color":"","overlay-gradient":""},"tablet":{"background-color":"var(--ast-global-color-5)","background-image":"","background-repeat":"repeat","background-position":"center center","background-size":"auto","background-attachment":"scroll","background-type":"","background-media":"","overlay-type":"","overlay-color":"","overlay-gradient":""},"mobile":{"background-color":"var(--ast-global-color-5)","background-image":"","background-repeat":"repeat","background-position":"center center","background-size":"auto","background-attachment":"scroll","background-type":"","background-media":"","overlay-type":"","overlay-color":"","overlay-gradient":""}},"footnotes":""},"yoast_head":"<!-- This site is optimized with the Yoast SEO plugin v15.3 - https:\/\/yoast.com\/wordpress\/plugins\/seo\/ -->\n<title>Personalizar Cookies - HOSTALEX<\/title>\n<meta name=\"robots\" content=\"index, follow, max-snippet:-1, max-image-preview:large, max-video-preview:-1\" \/>\n<link rel=\"canonical\" href=\"https:\/\/www.hostalex.com\/index.php\/personalizar-cookies\/\" \/>\n<meta property=\"og:locale\" content=\"es_ES\" \/>\n<meta property=\"og:type\" content=\"article\" \/>\n<meta property=\"og:title\" content=\"Personalizar Cookies - HOSTALEX\" \/>\n<meta property=\"og:description\" content=\"El sitio Web https:\/\/www.hostalex.com utiliza cookies propias y de terceros para su correcto funcionamiento y para fines anal\u00edticos y para mostrarte publicidad relacionada con sus preferencias en base a un perfil elaborado a partir de tus h\u00e1bitos de navegaci\u00f3n. Al hacer clic en el bot\u00f3n Aceptar, acepta el uso de estas tecnolog\u00edas y el procesamiento &hellip; Personalizar Cookies Leer m\u00e1s &raquo;\" \/>\n<meta property=\"og:url\" content=\"https:\/\/www.hostalex.com\/index.php\/personalizar-cookies\/\" \/>\n<meta property=\"og:site_name\" content=\"HOSTALEX\" \/>\n<meta name=\"twitter:card\" content=\"summary_large_image\" \/>\n<meta name=\"twitter:label1\" content=\"Escrito por\">\n\t<meta name=\"twitter:data1\" content=\"admin\">\n<script type=\"application\/ld+json\" class=\"yoast-schema-graph\">{\"@context\":\"https:\/\/schema.org\",\"@graph\":[{\"@type\":[\"Person\",\"Organization\"],\"@id\":\"https:\/\/www.hostalex.com\/#\/schema\/person\/7e7c0159ca6b80a423e540eb2f00fc6c\",\"name\":\"admin\",\"image\":{\"@type\":\"ImageObject\",\"@id\":\"https:\/\/www.hostalex.com\/#personlogo\",\"inLanguage\":\"es\",\"url\":\"https:\/\/www.hostalex.com\/wp-content\/uploads\/2020\/12\/hostalexblack.png\",\"width\":3508,\"height\":2480,\"caption\":\"admin\"},\"logo\":{\"@id\":\"https:\/\/www.hostalex.com\/#personlogo\"},\"sameAs\":[\"http:\/\/www.hostalex.com\"]},{\"@type\":\"WebSite\",\"@id\":\"https:\/\/www.hostalex.com\/#website\",\"url\":\"https:\/\/www.hostalex.com\/\",\"name\":\"HOSTALEX\",\"description\":\"Serveis de Restauraci&oacute;\",\"publisher\":{\"@id\":\"https:\/\/www.hostalex.com\/#\/schema\/person\/7e7c0159ca6b80a423e540eb2f00fc6c\"},\"potentialAction\":[{\"@type\":\"SearchAction\",\"target\":\"https:\/\/www.hostalex.com\/?s={search_term_string}\",\"query-input\":\"required name=search_term_string\"}],\"inLanguage\":\"es\"},{\"@type\":\"WebPage\",\"@id\":\"https:\/\/www.hostalex.com\/index.php\/personalizar-cookies\/#webpage\",\"url\":\"https:\/\/www.hostalex.com\/index.php\/personalizar-cookies\/\",\"name\":\"Personalizar Cookies - HOSTALEX\",\"isPartOf\":{\"@id\":\"https:\/\/www.hostalex.com\/#website\"},\"datePublished\":\"2020-12-03T18:46:25+00:00\",\"dateModified\":\"2020-12-03T18:46:25+00:00\",\"inLanguage\":\"es\",\"potentialAction\":[{\"@type\":\"ReadAction\",\"target\":[\"https:\/\/www.hostalex.com\/index.php\/personalizar-cookies\/\"]}]}]}<\/script>\n<!-- \/ Yoast SEO plugin. -->","_links":{"self":[{"href":"https:\/\/www.hostalex.com\/index.php\/wp-json\/wp\/v2\/pages\/910"}],"collection":[{"href":"https:\/\/www.hostalex.com\/index.php\/wp-json\/wp\/v2\/pages"}],"about":[{"href":"https:\/\/www.hostalex.com\/index.php\/wp-json\/wp\/v2\/types\/page"}],"author":[{"embeddable":true,"href":"https:\/\/www.hostalex.com\/index.php\/wp-json\/wp\/v2\/users\/1"}],"replies":[{"embeddable":true,"href":"https:\/\/www.hostalex.com\/index.php\/wp-json\/wp\/v2\/comments?post=910"}],"version-history":[{"count":0,"href":"https:\/\/www.hostalex.com\/index.php\/wp-json\/wp\/v2\/pages\/910\/revisions"}],"wp:attachment":[{"href":"https:\/\/www.hostalex.com\/index.php\/wp-json\/wp\/v2\/media?parent=910"}],"curies":[{"name":"wp","href":"https:\/\/api.w.org\/{rel}","templated":true}]}}